{"id":5317,"date":"2020-07-02T12:10:05","date_gmt":"2020-07-02T10:10:05","guid":{"rendered":"http:\/\/realm.com.pl\/kontakt-copy\/"},"modified":"2024-03-28T20:24:30","modified_gmt":"2024-03-28T19:24:30","slug":"o-nas","status":"publish","type":"page","link":"https:\/\/realm.com.pl\/en\/o-nas\/","title":{"rendered":"About us"},"content":{"rendered":"<div data-elementor-type=\"wp-page\" data-elementor-id=\"5317\" class=\"elementor elementor-5317\">\n\t\t\t\t<div class=\"elementor-element elementor-element-ca086cc e-con-full e-flex e-con e-parent\" data-id=\"ca086cc\" data-element_type=\"container\">\n\t\t<div class=\"elementor-element elementor-element-f8990ae e-flex e-con-boxed e-con e-child\" data-id=\"f8990ae\" data-element_type=\"container\">\n\t\t\t\t\t<div class=\"e-con-inner\">\n\t\t\t\t<div class=\"elementor-element elementor-element-cbeaec6 elementor-widget elementor-widget-text-editor\" data-id=\"cbeaec6\" data-element_type=\"widget\" data-widget_type=\"text-editor.default\">\n\t\t\t\t<div class=\"elementor-widget-container\">\n\t\t\t\t\t\t\t\t\t<p>We are a rapidly growing Polish company that specialises in preparing retail and mixed-use investment projects. Our team has wide experience and knowledge from working with some of the largest players on the Polish real estate market including both Polish and international investors and developers.<\/p>\n<p>Our services provide a full range of support for investors and developers who wish to expand their real estate base with quality projects. We operate at every stage of the investment process \u2013 from the selection and securement of a property to navigating the administrative procedures, creating an effective commercial concept and the successful lease of the property.<\/p>\t\t\t\t\t\t\t\t<\/div>\n\t\t\t\t<\/div>\n\t\t\t\t\t<\/div>\n\t\t\t\t<\/div>\n\t\t<div class=\"elementor-element elementor-element-07fb106 e-con-full e-flex e-con e-child\" data-id=\"07fb106\" data-element_type=\"container\">\n\t\t\t\t<div class=\"elementor-element elementor-element-d559175 elementor-widget elementor-widget-image\" data-id=\"d559175\" data-element_type=\"widget\" data-widget_type=\"image.default\">\n\t\t\t\t<div class=\"elementor-widget-container\">\n\t\t\t\t\t\t\t\t\t\t\t\t\t\t\t<img fetchpriority=\"high\" decoding=\"async\" width=\"569\" height=\"352\" src=\"https:\/\/realm.com.pl\/wp-content\/uploads\/2020\/07\/o-nas.jpg\" class=\"attachment-medium_large size-medium_large wp-image-5392\" alt=\"doradztwo inwestycyjne warszawa\" srcset=\"https:\/\/realm.com.pl\/wp-content\/uploads\/2020\/07\/o-nas.jpg 569w, https:\/\/realm.com.pl\/wp-content\/uploads\/2020\/07\/o-nas-300x186.jpg 300w\" sizes=\"(max-width: 569px) 100vw, 569px\" \/>\t\t\t\t\t\t\t\t\t\t\t\t\t\t\t<\/div>\n\t\t\t\t<\/div>\n\t\t\t\t<\/div>\n\t\t\t\t<\/div>\n\t\t<div class=\"elementor-element elementor-element-67425db e-flex e-con-boxed e-con e-parent\" data-id=\"67425db\" data-element_type=\"container\">\n\t\t\t\t\t<div class=\"e-con-inner\">\n\t\t\t\t<div class=\"elementor-element elementor-element-66ecdea elementor-widget elementor-widget-text-editor\" data-id=\"66ecdea\" data-element_type=\"widget\" data-widget_type=\"text-editor.default\">\n\t\t\t\t<div class=\"elementor-widget-container\">\n\t\t\t\t\t\t\t\t\t<p style=\"font-weight: 400;\">Already we have completed a number of projects and handed fully leased profitable retail parks throughout Poland over to their owners. We are currently working on further projects preparing retail and mixed-use developments that are currenly under construction for investors throughout Poland.<\/p>\n<ul>\n<li style=\"list-style-type: none;\">\n<ul>\n<li>We worked with LCP to develop M Park \u015awidnik. We secured the land, we prepared the commercial concept, we obtained the administrative permits and negotiated the contract with the grocery operator<\/li>\n<li style=\"font-weight: 400;\">For TDJ we developed the commercial concept for Farbryka Park in Katowice and commercialised the centre<\/li>\n<li style=\"font-weight: 400;\">In Piotrk\u00f3w Trybunalski, Garwolin and L\u0119bork, we were responsible for the lease of retail centres<\/li>\n<\/ul>\n<\/li>\n<\/ul>\t\t\t\t\t\t\t\t<\/div>\n\t\t\t\t<\/div>\n\t\t\t\t\t<\/div>\n\t\t\t\t<\/div>\n\t\t<div class=\"elementor-element elementor-element-c76fee1 e-flex e-con-boxed e-con e-parent\" data-id=\"c76fee1\" data-element_type=\"container\">\n\t\t\t\t\t<div class=\"e-con-inner\">\n\t\t\t\t<div class=\"elementor-element elementor-element-ad5753e elementor-widget-divider--view-line elementor-widget elementor-widget-divider\" data-id=\"ad5753e\" data-element_type=\"widget\" data-widget_type=\"divider.default\">\n\t\t\t\t<div class=\"elementor-widget-container\">\n\t\t\t\t\t\t\t<div class=\"elementor-divider\">\n\t\t\t<span class=\"elementor-divider-separator\">\n\t\t\t\t\t\t<\/span>\n\t\t<\/div>\n\t\t\t\t\t\t<\/div>\n\t\t\t\t<\/div>\n\t\t\t\t\t<\/div>\n\t\t\t\t<\/div>\n\t\t<div class=\"elementor-element elementor-element-1317133 e-flex e-con-boxed e-con e-parent\" data-id=\"1317133\" data-element_type=\"container\">\n\t\t\t\t\t<div class=\"e-con-inner\">\n\t\t<div class=\"elementor-element elementor-element-89ae851 e-con-full e-flex e-con e-child\" data-id=\"89ae851\" data-element_type=\"container\">\n\t\t\t\t<div class=\"elementor-element elementor-element-1e04f0d elementor-widget elementor-widget-image\" data-id=\"1e04f0d\" data-element_type=\"widget\" data-widget_type=\"image.default\">\n\t\t\t\t<div class=\"elementor-widget-container\">\n\t\t\t\t\t\t\t\t\t\t\t\t<figure class=\"wp-caption\">\n\t\t\t\t\t\t\t\t\t\t<img decoding=\"async\" width=\"810\" height=\"539\" src=\"https:\/\/realm.com.pl\/wp-content\/uploads\/2024\/02\/Piotr_Kret-1024x682.jpg\" class=\"attachment-large size-large wp-image-5973\" alt=\"\" srcset=\"https:\/\/realm.com.pl\/wp-content\/uploads\/2024\/02\/Piotr_Kret-1024x682.jpg 1024w, https:\/\/realm.com.pl\/wp-content\/uploads\/2024\/02\/Piotr_Kret-300x200.jpg 300w, https:\/\/realm.com.pl\/wp-content\/uploads\/2024\/02\/Piotr_Kret-768x512.jpg 768w, https:\/\/realm.com.pl\/wp-content\/uploads\/2024\/02\/Piotr_Kret-1536x1024.jpg 1536w, https:\/\/realm.com.pl\/wp-content\/uploads\/2024\/02\/Piotr_Kret.jpg 2000w\" sizes=\"(max-width: 810px) 100vw, 810px\" \/>\t\t\t\t\t\t\t\t\t\t\t<figcaption class=\"widget-image-caption wp-caption-text\">Piotr Kret, Chairman of the board REALM Sp. z o.o.<\/figcaption>\n\t\t\t\t\t\t\t\t\t\t<\/figure>\n\t\t\t\t\t\t\t\t\t<\/div>\n\t\t\t\t<\/div>\n\t\t\t\t<\/div>\n\t\t<div class=\"elementor-element elementor-element-ff4372c e-con-full e-flex e-con e-child\" data-id=\"ff4372c\" data-element_type=\"container\">\n\t\t\t\t<div class=\"elementor-element elementor-element-26e756d elementor-widget elementor-widget-text-editor\" data-id=\"26e756d\" data-element_type=\"widget\" data-widget_type=\"text-editor.default\">\n\t\t\t\t<div class=\"elementor-widget-container\">\n\t\t\t\t\t\t\t\t\t<p>Piotr is the founder of REALM \u2013 Due to his experience of taking bold action in the development of commercial real estate, he is one of the industry\u2019s leading experts in developing retail and mixed-use projects in Poland, their purchase and their sale.<\/p><p>From the start of his career, Piotr has built up his professional abilities starting from analysis and assessment of the potential of commercial real estate, assessing the legal standing (due diligence) and leading formal proceedings to obtain permits and administrative decisions. He has frequently been involved in the sale of land and of fully operating retail centres.<\/p><p>His superb knowledge of what makes the most effective site for the construction of a retail park or a mixed-use centre comes from his experience of working for retail developers as well as for companies investing in commercial real estate such as Napollo and \u017babka Polska as well as for investment funds. By actively taking part in negotiations with property owners and with strategic tenants, Piotr has developed his abilities to determine intentions, motives and goals and has a well-refined business sense. This has paid off in the number of projects successfully launched and completed for REALM\u2019s clients.<\/p><p>For many years, Piotr has formulated commercialisation strategies for retail centres. He has been responsible for actively finding tenants and for negotiating the terms and conditions of leases. He has also been involved in negotiations with property owners and with strategic tenants. He has been jointly responsible for drawing up essential sales and commercialisation documentation for real estate and he has worked with outside market advisors and with the representatives of REALM\u2019s clients.<\/p><p>Currently, Piotr Kret is responsible for the management and coordination of the development and expansion team as well as for the commercialisation and investment management side of REALM\u2019s business. He personally takes part in every process and is directly involved in the work with clients. Piotr Kret is a legal advisor specialising in real estate law.<\/p><p>Please do not hesitate to contact Piotr at:<\/p><p><a href=\"mailto:piotr.kret@realm.com.pl\">piotr.kret@realm.com.pl<\/a><\/p><p>+48 509838186<\/p>\t\t\t\t\t\t\t\t<\/div>\n\t\t\t\t<\/div>\n\t\t\t\t<\/div>\n\t\t\t\t\t<\/div>\n\t\t\t\t<\/div>\n\t\t\t\t<\/div>","protected":false},"excerpt":{"rendered":"<p>Jeste\u015bmy dynamicznie rozwijaj\u0105c\u0105 si\u0119 polsk\u0105 firm\u0105 specjalizuj\u0105c\u0105 si\u0119 w przygotowywaniu inwestycji handlowych i mixed-use. Nasz zesp\u00f3\u0142 posiada bogate do\u015bwiadczenie i wiedz\u0119 wyniesione ze wsp\u00f3\u0142pracy z najwa\u017cniejszymi graczami rynku nieruchomo\u015bci \u2013 polskimi i mi\u0119dzynarodowymi inwestorami oraz deweloperami. Nasze us\u0142ugi obejmuj\u0105 pe\u0142ne wsparcie dla inwestor\u00f3w i deweloper\u00f3w, kt\u00f3rzy chc\u0105 poszerza\u0107 baz\u0119 swoich nieruchomo\u015bci o jako\u015bciowe projekty. Dzia\u0142amy [&hellip;]<\/p>","protected":false},"author":1,"featured_media":0,"parent":0,"menu_order":0,"comment_status":"closed","ping_status":"closed","template":"templates\/full-width-page.php","meta":{"footnotes":""},"class_list":["post-5317","page","type-page","status-publish","hentry"],"yoast_head":"<!-- This site is optimized with the Yoast SEO plugin v25.7 - https:\/\/yoast.com\/wordpress\/plugins\/seo\/ -->\n<title>O firmie REALM<\/title>\n<meta name=\"description\" content=\"Jeste\u015bmy dynamicznie rozwijaj\u0105c\u0105 si\u0119 polsk\u0105 firm\u0105 specjalizuj\u0105c\u0105 si\u0119 w przygotowywaniu inwestycji handlowych i mixed-use. Nasze us\u0142ugi obejmuj\u0105 pe\u0142ne wsparcie dla inwestor\u00f3w i deweloper\u00f3w, kt\u00f3rzy chc\u0105 poszerza\u0107 baz\u0119 swoich nieruchomo\u015bci o jako\u015bciowe projekty.\" \/>\n<meta name=\"robots\" content=\"index, follow, max-snippet:-1, max-image-preview:large, max-video-preview:-1\" \/>\n<link rel=\"canonical\" href=\"https:\/\/realm.com.pl\/en\/o-nas\/\" \/>\n<meta property=\"og:locale\" content=\"en_GB\" \/>\n<meta property=\"og:type\" content=\"article\" \/>\n<meta property=\"og:title\" content=\"O firmie REALM\" \/>\n<meta property=\"og:description\" content=\"Jeste\u015bmy dynamicznie rozwijaj\u0105c\u0105 si\u0119 polsk\u0105 firm\u0105 specjalizuj\u0105c\u0105 si\u0119 w przygotowywaniu inwestycji handlowych i mixed-use. Nasze us\u0142ugi obejmuj\u0105 pe\u0142ne wsparcie dla inwestor\u00f3w i deweloper\u00f3w, kt\u00f3rzy chc\u0105 poszerza\u0107 baz\u0119 swoich nieruchomo\u015bci o jako\u015bciowe projekty.\" \/>\n<meta property=\"og:url\" content=\"https:\/\/realm.com.pl\/en\/o-nas\/\" \/>\n<meta property=\"article:modified_time\" content=\"2024-03-28T19:24:30+00:00\" \/>\n<meta property=\"og:image\" content=\"https:\/\/realm.com.pl\/wp-content\/uploads\/2020\/07\/o-nas.jpg\" \/>\n<meta name=\"twitter:card\" content=\"summary_large_image\" \/>\n<meta name=\"twitter:label1\" content=\"Estimated reading time\" \/>\n\t<meta name=\"twitter:data1\" content=\"3 minutes\" \/>\n<script type=\"application\/ld+json\" class=\"yoast-schema-graph\">{\"@context\":\"https:\/\/schema.org\",\"@graph\":[{\"@type\":\"WebPage\",\"@id\":\"https:\/\/realm.com.pl\/o-nas\/\",\"url\":\"https:\/\/realm.com.pl\/o-nas\/\",\"name\":\"O firmie REALM\",\"isPartOf\":{\"@id\":\"https:\/\/realm.com.pl\/#website\"},\"primaryImageOfPage\":{\"@id\":\"https:\/\/realm.com.pl\/o-nas\/#primaryimage\"},\"image\":{\"@id\":\"https:\/\/realm.com.pl\/o-nas\/#primaryimage\"},\"thumbnailUrl\":\"https:\/\/realm.com.pl\/wp-content\/uploads\/2020\/07\/o-nas.jpg\",\"datePublished\":\"2020-07-02T10:10:05+00:00\",\"dateModified\":\"2024-03-28T19:24:30+00:00\",\"description\":\"Jeste\u015bmy dynamicznie rozwijaj\u0105c\u0105 si\u0119 polsk\u0105 firm\u0105 specjalizuj\u0105c\u0105 si\u0119 w przygotowywaniu inwestycji handlowych i mixed-use. Nasze us\u0142ugi obejmuj\u0105 pe\u0142ne wsparcie dla inwestor\u00f3w i deweloper\u00f3w, kt\u00f3rzy chc\u0105 poszerza\u0107 baz\u0119 swoich nieruchomo\u015bci o jako\u015bciowe projekty.\",\"breadcrumb\":{\"@id\":\"https:\/\/realm.com.pl\/o-nas\/#breadcrumb\"},\"inLanguage\":\"en-GB\",\"potentialAction\":[{\"@type\":\"ReadAction\",\"target\":[\"https:\/\/realm.com.pl\/o-nas\/\"]}]},{\"@type\":\"ImageObject\",\"inLanguage\":\"en-GB\",\"@id\":\"https:\/\/realm.com.pl\/o-nas\/#primaryimage\",\"url\":\"https:\/\/realm.com.pl\/wp-content\/uploads\/2020\/07\/o-nas.jpg\",\"contentUrl\":\"https:\/\/realm.com.pl\/wp-content\/uploads\/2020\/07\/o-nas.jpg\"},{\"@type\":\"BreadcrumbList\",\"@id\":\"https:\/\/realm.com.pl\/o-nas\/#breadcrumb\",\"itemListElement\":[{\"@type\":\"ListItem\",\"position\":1,\"name\":\"Strona g\u0142\u00f3wna\",\"item\":\"https:\/\/realm.com.pl\/\"},{\"@type\":\"ListItem\",\"position\":2,\"name\":\"O nas\"}]},{\"@type\":\"WebSite\",\"@id\":\"https:\/\/realm.com.pl\/#website\",\"url\":\"https:\/\/realm.com.pl\/\",\"name\":\"\",\"description\":\"\",\"potentialAction\":[{\"@type\":\"SearchAction\",\"target\":{\"@type\":\"EntryPoint\",\"urlTemplate\":\"https:\/\/realm.com.pl\/?s={search_term_string}\"},\"query-input\":{\"@type\":\"PropertyValueSpecification\",\"valueRequired\":true,\"valueName\":\"search_term_string\"}}],\"inLanguage\":\"en-GB\"}]}<\/script>\n<!-- \/ Yoast SEO plugin. -->","yoast_head_json":{"title":"O firmie REALM","description":"Jeste\u015bmy dynamicznie rozwijaj\u0105c\u0105 si\u0119 polsk\u0105 firm\u0105 specjalizuj\u0105c\u0105 si\u0119 w przygotowywaniu inwestycji handlowych i mixed-use. Nasze us\u0142ugi obejmuj\u0105 pe\u0142ne wsparcie dla inwestor\u00f3w i deweloper\u00f3w, kt\u00f3rzy chc\u0105 poszerza\u0107 baz\u0119 swoich nieruchomo\u015bci o jako\u015bciowe projekty.","robots":{"index":"index","follow":"follow","max-snippet":"max-snippet:-1","max-image-preview":"max-image-preview:large","max-video-preview":"max-video-preview:-1"},"canonical":"https:\/\/realm.com.pl\/en\/o-nas\/","og_locale":"en_GB","og_type":"article","og_title":"O firmie REALM","og_description":"Jeste\u015bmy dynamicznie rozwijaj\u0105c\u0105 si\u0119 polsk\u0105 firm\u0105 specjalizuj\u0105c\u0105 si\u0119 w przygotowywaniu inwestycji handlowych i mixed-use. Nasze us\u0142ugi obejmuj\u0105 pe\u0142ne wsparcie dla inwestor\u00f3w i deweloper\u00f3w, kt\u00f3rzy chc\u0105 poszerza\u0107 baz\u0119 swoich nieruchomo\u015bci o jako\u015bciowe projekty.","og_url":"https:\/\/realm.com.pl\/en\/o-nas\/","article_modified_time":"2024-03-28T19:24:30+00:00","og_image":[{"url":"https:\/\/realm.com.pl\/wp-content\/uploads\/2020\/07\/o-nas.jpg","type":"","width":"","height":""}],"twitter_card":"summary_large_image","twitter_misc":{"Estimated reading time":"3 minutes"},"schema":{"@context":"https:\/\/schema.org","@graph":[{"@type":"WebPage","@id":"https:\/\/realm.com.pl\/o-nas\/","url":"https:\/\/realm.com.pl\/o-nas\/","name":"O firmie REALM","isPartOf":{"@id":"https:\/\/realm.com.pl\/#website"},"primaryImageOfPage":{"@id":"https:\/\/realm.com.pl\/o-nas\/#primaryimage"},"image":{"@id":"https:\/\/realm.com.pl\/o-nas\/#primaryimage"},"thumbnailUrl":"https:\/\/realm.com.pl\/wp-content\/uploads\/2020\/07\/o-nas.jpg","datePublished":"2020-07-02T10:10:05+00:00","dateModified":"2024-03-28T19:24:30+00:00","description":"Jeste\u015bmy dynamicznie rozwijaj\u0105c\u0105 si\u0119 polsk\u0105 firm\u0105 specjalizuj\u0105c\u0105 si\u0119 w przygotowywaniu inwestycji handlowych i mixed-use. Nasze us\u0142ugi obejmuj\u0105 pe\u0142ne wsparcie dla inwestor\u00f3w i deweloper\u00f3w, kt\u00f3rzy chc\u0105 poszerza\u0107 baz\u0119 swoich nieruchomo\u015bci o jako\u015bciowe projekty.","breadcrumb":{"@id":"https:\/\/realm.com.pl\/o-nas\/#breadcrumb"},"inLanguage":"en-GB","potentialAction":[{"@type":"ReadAction","target":["https:\/\/realm.com.pl\/o-nas\/"]}]},{"@type":"ImageObject","inLanguage":"en-GB","@id":"https:\/\/realm.com.pl\/o-nas\/#primaryimage","url":"https:\/\/realm.com.pl\/wp-content\/uploads\/2020\/07\/o-nas.jpg","contentUrl":"https:\/\/realm.com.pl\/wp-content\/uploads\/2020\/07\/o-nas.jpg"},{"@type":"BreadcrumbList","@id":"https:\/\/realm.com.pl\/o-nas\/#breadcrumb","itemListElement":[{"@type":"ListItem","position":1,"name":"Strona g\u0142\u00f3wna","item":"https:\/\/realm.com.pl\/"},{"@type":"ListItem","position":2,"name":"O nas"}]},{"@type":"WebSite","@id":"https:\/\/realm.com.pl\/#website","url":"https:\/\/realm.com.pl\/","name":"","description":"","potentialAction":[{"@type":"SearchAction","target":{"@type":"EntryPoint","urlTemplate":"https:\/\/realm.com.pl\/?s={search_term_string}"},"query-input":{"@type":"PropertyValueSpecification","valueRequired":true,"valueName":"search_term_string"}}],"inLanguage":"en-GB"}]}},"_links":{"self":[{"href":"https:\/\/realm.com.pl\/en\/wp-json\/wp\/v2\/pages\/5317","targetHints":{"allow":["GET"]}}],"collection":[{"href":"https:\/\/realm.com.pl\/en\/wp-json\/wp\/v2\/pages"}],"about":[{"href":"https:\/\/realm.com.pl\/en\/wp-json\/wp\/v2\/types\/page"}],"author":[{"embeddable":true,"href":"https:\/\/realm.com.pl\/en\/wp-json\/wp\/v2\/users\/1"}],"replies":[{"embeddable":true,"href":"https:\/\/realm.com.pl\/en\/wp-json\/wp\/v2\/comments?post=5317"}],"version-history":[{"count":0,"href":"https:\/\/realm.com.pl\/en\/wp-json\/wp\/v2\/pages\/5317\/revisions"}],"wp:attachment":[{"href":"https:\/\/realm.com.pl\/en\/wp-json\/wp\/v2\/media?parent=5317"}],"curies":[{"name":"wp","href":"https:\/\/api.w.org\/{rel}","templated":true}]}}