{"id":5768,"date":"2024-02-09T22:50:33","date_gmt":"2024-02-09T21:50:33","guid":{"rendered":"https:\/\/realm.com.pl\/nasza-oferta\/zarzadzanie-obiektami-handlowymi-copy\/"},"modified":"2024-03-28T20:34:22","modified_gmt":"2024-03-28T19:34:22","slug":"identyfikacja-perspektywicznych-lokalizacji","status":"publish","type":"page","link":"https:\/\/realm.com.pl\/en\/nasza-oferta\/identyfikacja-perspektywicznych-lokalizacji\/","title":{"rendered":"Identifying potential locations"},"content":{"rendered":"<div data-elementor-type=\"wp-page\" data-elementor-id=\"5768\" class=\"elementor elementor-5768\">\n\t\t\t\t<div class=\"elementor-element elementor-element-656c197d e-flex e-con-boxed e-con e-parent\" data-id=\"656c197d\" data-element_type=\"container\">\n\t\t\t\t\t<div class=\"e-con-inner\">\n\t\t\t\t<div class=\"elementor-element elementor-element-dac0640 elementor-widget elementor-widget-image\" data-id=\"dac0640\" data-element_type=\"widget\" data-widget_type=\"image.default\">\n\t\t\t\t<div class=\"elementor-widget-container\">\n\t\t\t\t\t\t\t\t\t\t\t\t\t\t\t<img fetchpriority=\"high\" decoding=\"async\" width=\"1366\" height=\"768\" src=\"https:\/\/realm.com.pl\/wp-content\/uploads\/2024\/02\/identyfikacja-lokalizacji.png\" class=\"attachment-full size-full wp-image-5836\" alt=\"\" srcset=\"https:\/\/realm.com.pl\/wp-content\/uploads\/2024\/02\/identyfikacja-lokalizacji.png 1366w, https:\/\/realm.com.pl\/wp-content\/uploads\/2024\/02\/identyfikacja-lokalizacji-300x169.png 300w, https:\/\/realm.com.pl\/wp-content\/uploads\/2024\/02\/identyfikacja-lokalizacji-1024x576.png 1024w, https:\/\/realm.com.pl\/wp-content\/uploads\/2024\/02\/identyfikacja-lokalizacji-768x432.png 768w\" sizes=\"(max-width: 1366px) 100vw, 1366px\" \/>\t\t\t\t\t\t\t\t\t\t\t\t\t\t\t<\/div>\n\t\t\t\t<\/div>\n\t\t\t\t<div class=\"elementor-element elementor-element-60cb544b elementor-widget elementor-widget-text-editor\" data-id=\"60cb544b\" data-element_type=\"widget\" data-widget_type=\"text-editor.default\">\n\t\t\t\t<div class=\"elementor-widget-container\">\n\t\t\t\t\t\t\t\t\t<h3 style=\"font-weight: 400;\">We help our clients choose the most attractive investment sites, providing market analysis and identifying the key factors that will affect the project\u2019s success.<\/h3>\n<p style=\"font-weight: 400;\">We support investors by offering:<\/p>\n<ul>\n<li style=\"list-style-type: none;\">\n<ul>\n<li style=\"font-weight: 400;\">Saturation analysis including guidelines for developing a specific centre;<\/li>\n<li style=\"font-weight: 400;\">An analysis of the retail potential for a given property;<\/li>\n<li style=\"font-weight: 400;\">Design guidelines intended to optimise the space and how the centre functions both technically and commercially;<\/li>\n<li style=\"font-weight: 400;\">Cost optimisation while taking into account market standards;<\/li>\n<li style=\"font-weight: 400;\">Seeking out business partners.<\/li>\n<\/ul>\n<\/li>\n<\/ul>\n<!-- \/wp:paragraph -->\t\t\t\t\t\t\t\t<\/div>\n\t\t\t\t<\/div>\n\t\t\t\t\t<\/div>\n\t\t\t\t<\/div>\n\t\t\t\t<\/div>","protected":false},"excerpt":{"rendered":"<p>Wspieramy naszych klient\u00f3w w wyborze najbardziej atrakcyjnych lokalizacji inwestycyjnych, przeprowadzaj\u0105c analiz\u0119 rynkow\u0105 i uwzgl\u0119dniaj\u0105c kluczowe czynniki wp\u0142ywaj\u0105ce na sukces projektu. Wspieramy inwestor\u00f3w, oferuj\u0105c: Analiz\u0119 ch\u0142onno\u015bci wraz z wytycznymi dla realizacji danego obiektu; Analiz\u0119 potencja\u0142u handlowego wskazanej nieruchomo\u015bci; Wytyczne projektowe maj\u0105ce na celu optymalizacj\u0119 powierzchni i u\u017cyteczno\u015bci obiektu pod wzgl\u0119dem komercyjnym i technicznym; Optymalizacje kosztowe z [&hellip;]<\/p>","protected":false},"author":3,"featured_media":0,"parent":5806,"menu_order":0,"comment_status":"closed","ping_status":"closed","template":"templates\/full-width-page.php","meta":{"footnotes":""},"class_list":["post-5768","page","type-page","status-publish","hentry"],"yoast_head":"<!-- This site is optimized with the Yoast SEO plugin v25.7 - https:\/\/yoast.com\/wordpress\/plugins\/seo\/ -->\n<title>REALM - Identyfikacja perspektywicznych lokalizacji<\/title>\n<meta name=\"description\" content=\"Wspieramy naszych klient\u00f3w w wyborze najbardziej atrakcyjnych lokalizacji inwestycyjnych, przeprowadzaj\u0105c analiz\u0119 rynkow\u0105.\" \/>\n<meta name=\"robots\" content=\"index, follow, max-snippet:-1, max-image-preview:large, max-video-preview:-1\" \/>\n<link rel=\"canonical\" href=\"https:\/\/realm.com.pl\/en\/nasza-oferta\/identyfikacja-perspektywicznych-lokalizacji\/\" \/>\n<meta property=\"og:locale\" content=\"en_GB\" \/>\n<meta property=\"og:type\" content=\"article\" \/>\n<meta property=\"og:title\" content=\"REALM - Identyfikacja perspektywicznych lokalizacji\" \/>\n<meta property=\"og:description\" content=\"Wspieramy naszych klient\u00f3w w wyborze najbardziej atrakcyjnych lokalizacji inwestycyjnych, przeprowadzaj\u0105c analiz\u0119 rynkow\u0105.\" \/>\n<meta property=\"og:url\" content=\"https:\/\/realm.com.pl\/en\/nasza-oferta\/identyfikacja-perspektywicznych-lokalizacji\/\" \/>\n<meta property=\"article:modified_time\" content=\"2024-03-28T19:34:22+00:00\" \/>\n<meta property=\"og:image\" content=\"https:\/\/realm.com.pl\/wp-content\/uploads\/2024\/02\/identyfikacja-lokalizacji.png\" \/>\n<meta name=\"twitter:card\" content=\"summary_large_image\" \/>\n<meta name=\"twitter:label1\" content=\"Estimated reading time\" \/>\n\t<meta name=\"twitter:data1\" content=\"1 minute\" \/>\n<script type=\"application\/ld+json\" class=\"yoast-schema-graph\">{\"@context\":\"https:\/\/schema.org\",\"@graph\":[{\"@type\":\"WebPage\",\"@id\":\"https:\/\/realm.com.pl\/nasza-oferta\/identyfikacja-perspektywicznych-lokalizacji\/\",\"url\":\"https:\/\/realm.com.pl\/nasza-oferta\/identyfikacja-perspektywicznych-lokalizacji\/\",\"name\":\"REALM - Identyfikacja perspektywicznych lokalizacji\",\"isPartOf\":{\"@id\":\"https:\/\/realm.com.pl\/#website\"},\"primaryImageOfPage\":{\"@id\":\"https:\/\/realm.com.pl\/nasza-oferta\/identyfikacja-perspektywicznych-lokalizacji\/#primaryimage\"},\"image\":{\"@id\":\"https:\/\/realm.com.pl\/nasza-oferta\/identyfikacja-perspektywicznych-lokalizacji\/#primaryimage\"},\"thumbnailUrl\":\"https:\/\/realm.com.pl\/wp-content\/uploads\/2024\/02\/identyfikacja-lokalizacji.png\",\"datePublished\":\"2024-02-09T21:50:33+00:00\",\"dateModified\":\"2024-03-28T19:34:22+00:00\",\"description\":\"Wspieramy naszych klient\u00f3w w wyborze najbardziej atrakcyjnych lokalizacji inwestycyjnych, przeprowadzaj\u0105c analiz\u0119 rynkow\u0105.\",\"breadcrumb\":{\"@id\":\"https:\/\/realm.com.pl\/nasza-oferta\/identyfikacja-perspektywicznych-lokalizacji\/#breadcrumb\"},\"inLanguage\":\"en-GB\",\"potentialAction\":[{\"@type\":\"ReadAction\",\"target\":[\"https:\/\/realm.com.pl\/nasza-oferta\/identyfikacja-perspektywicznych-lokalizacji\/\"]}]},{\"@type\":\"ImageObject\",\"inLanguage\":\"en-GB\",\"@id\":\"https:\/\/realm.com.pl\/nasza-oferta\/identyfikacja-perspektywicznych-lokalizacji\/#primaryimage\",\"url\":\"https:\/\/realm.com.pl\/wp-content\/uploads\/2024\/02\/identyfikacja-lokalizacji.png\",\"contentUrl\":\"https:\/\/realm.com.pl\/wp-content\/uploads\/2024\/02\/identyfikacja-lokalizacji.png\"},{\"@type\":\"BreadcrumbList\",\"@id\":\"https:\/\/realm.com.pl\/nasza-oferta\/identyfikacja-perspektywicznych-lokalizacji\/#breadcrumb\",\"itemListElement\":[{\"@type\":\"ListItem\",\"position\":1,\"name\":\"Strona g\u0142\u00f3wna\",\"item\":\"https:\/\/realm.com.pl\/\"},{\"@type\":\"ListItem\",\"position\":2,\"name\":\"Doradztwo inwestycyjne nieruchomo\u015bci\",\"item\":\"https:\/\/realm.com.pl\/nasza-oferta\/\"},{\"@type\":\"ListItem\",\"position\":3,\"name\":\"Identyfikacja perspektywicznych lokalizacji\"}]},{\"@type\":\"WebSite\",\"@id\":\"https:\/\/realm.com.pl\/#website\",\"url\":\"https:\/\/realm.com.pl\/\",\"name\":\"\",\"description\":\"\",\"potentialAction\":[{\"@type\":\"SearchAction\",\"target\":{\"@type\":\"EntryPoint\",\"urlTemplate\":\"https:\/\/realm.com.pl\/?s={search_term_string}\"},\"query-input\":{\"@type\":\"PropertyValueSpecification\",\"valueRequired\":true,\"valueName\":\"search_term_string\"}}],\"inLanguage\":\"en-GB\"}]}<\/script>\n<!-- \/ Yoast SEO plugin. -->","yoast_head_json":{"title":"REALM - Identyfikacja perspektywicznych lokalizacji","description":"Wspieramy naszych klient\u00f3w w wyborze najbardziej atrakcyjnych lokalizacji inwestycyjnych, przeprowadzaj\u0105c analiz\u0119 rynkow\u0105.","robots":{"index":"index","follow":"follow","max-snippet":"max-snippet:-1","max-image-preview":"max-image-preview:large","max-video-preview":"max-video-preview:-1"},"canonical":"https:\/\/realm.com.pl\/en\/nasza-oferta\/identyfikacja-perspektywicznych-lokalizacji\/","og_locale":"en_GB","og_type":"article","og_title":"REALM - Identyfikacja perspektywicznych lokalizacji","og_description":"Wspieramy naszych klient\u00f3w w wyborze najbardziej atrakcyjnych lokalizacji inwestycyjnych, przeprowadzaj\u0105c analiz\u0119 rynkow\u0105.","og_url":"https:\/\/realm.com.pl\/en\/nasza-oferta\/identyfikacja-perspektywicznych-lokalizacji\/","article_modified_time":"2024-03-28T19:34:22+00:00","og_image":[{"url":"https:\/\/realm.com.pl\/wp-content\/uploads\/2024\/02\/identyfikacja-lokalizacji.png","type":"","width":"","height":""}],"twitter_card":"summary_large_image","twitter_misc":{"Estimated reading time":"1 minute"},"schema":{"@context":"https:\/\/schema.org","@graph":[{"@type":"WebPage","@id":"https:\/\/realm.com.pl\/nasza-oferta\/identyfikacja-perspektywicznych-lokalizacji\/","url":"https:\/\/realm.com.pl\/nasza-oferta\/identyfikacja-perspektywicznych-lokalizacji\/","name":"REALM - Identyfikacja perspektywicznych lokalizacji","isPartOf":{"@id":"https:\/\/realm.com.pl\/#website"},"primaryImageOfPage":{"@id":"https:\/\/realm.com.pl\/nasza-oferta\/identyfikacja-perspektywicznych-lokalizacji\/#primaryimage"},"image":{"@id":"https:\/\/realm.com.pl\/nasza-oferta\/identyfikacja-perspektywicznych-lokalizacji\/#primaryimage"},"thumbnailUrl":"https:\/\/realm.com.pl\/wp-content\/uploads\/2024\/02\/identyfikacja-lokalizacji.png","datePublished":"2024-02-09T21:50:33+00:00","dateModified":"2024-03-28T19:34:22+00:00","description":"Wspieramy naszych klient\u00f3w w wyborze najbardziej atrakcyjnych lokalizacji inwestycyjnych, przeprowadzaj\u0105c analiz\u0119 rynkow\u0105.","breadcrumb":{"@id":"https:\/\/realm.com.pl\/nasza-oferta\/identyfikacja-perspektywicznych-lokalizacji\/#breadcrumb"},"inLanguage":"en-GB","potentialAction":[{"@type":"ReadAction","target":["https:\/\/realm.com.pl\/nasza-oferta\/identyfikacja-perspektywicznych-lokalizacji\/"]}]},{"@type":"ImageObject","inLanguage":"en-GB","@id":"https:\/\/realm.com.pl\/nasza-oferta\/identyfikacja-perspektywicznych-lokalizacji\/#primaryimage","url":"https:\/\/realm.com.pl\/wp-content\/uploads\/2024\/02\/identyfikacja-lokalizacji.png","contentUrl":"https:\/\/realm.com.pl\/wp-content\/uploads\/2024\/02\/identyfikacja-lokalizacji.png"},{"@type":"BreadcrumbList","@id":"https:\/\/realm.com.pl\/nasza-oferta\/identyfikacja-perspektywicznych-lokalizacji\/#breadcrumb","itemListElement":[{"@type":"ListItem","position":1,"name":"Strona g\u0142\u00f3wna","item":"https:\/\/realm.com.pl\/"},{"@type":"ListItem","position":2,"name":"Doradztwo inwestycyjne nieruchomo\u015bci","item":"https:\/\/realm.com.pl\/nasza-oferta\/"},{"@type":"ListItem","position":3,"name":"Identyfikacja perspektywicznych lokalizacji"}]},{"@type":"WebSite","@id":"https:\/\/realm.com.pl\/#website","url":"https:\/\/realm.com.pl\/","name":"","description":"","potentialAction":[{"@type":"SearchAction","target":{"@type":"EntryPoint","urlTemplate":"https:\/\/realm.com.pl\/?s={search_term_string}"},"query-input":{"@type":"PropertyValueSpecification","valueRequired":true,"valueName":"search_term_string"}}],"inLanguage":"en-GB"}]}},"_links":{"self":[{"href":"https:\/\/realm.com.pl\/en\/wp-json\/wp\/v2\/pages\/5768","targetHints":{"allow":["GET"]}}],"collection":[{"href":"https:\/\/realm.com.pl\/en\/wp-json\/wp\/v2\/pages"}],"about":[{"href":"https:\/\/realm.com.pl\/en\/wp-json\/wp\/v2\/types\/page"}],"author":[{"embeddable":true,"href":"https:\/\/realm.com.pl\/en\/wp-json\/wp\/v2\/users\/3"}],"replies":[{"embeddable":true,"href":"https:\/\/realm.com.pl\/en\/wp-json\/wp\/v2\/comments?post=5768"}],"version-history":[{"count":0,"href":"https:\/\/realm.com.pl\/en\/wp-json\/wp\/v2\/pages\/5768\/revisions"}],"up":[{"embeddable":true,"href":"https:\/\/realm.com.pl\/en\/wp-json\/wp\/v2\/pages\/5806"}],"wp:attachment":[{"href":"https:\/\/realm.com.pl\/en\/wp-json\/wp\/v2\/media?parent=5768"}],"curies":[{"name":"wp","href":"https:\/\/api.w.org\/{rel}","templated":true}]}}