{"id":5773,"date":"2024-02-09T22:54:10","date_gmt":"2024-02-09T21:54:10","guid":{"rendered":"https:\/\/realm.com.pl\/?page_id=5773"},"modified":"2024-03-28T20:35:46","modified_gmt":"2024-03-28T19:35:46","slug":"przygotowywanie-strategii-rynkowej-i-pozycjonowania-dla-obiektow-handlowych","status":"publish","type":"page","link":"https:\/\/realm.com.pl\/en\/nasza-oferta\/przygotowywanie-strategii-rynkowej-i-pozycjonowania-dla-obiektow-handlowych\/","title":{"rendered":"Preparing market strategies and positioning retail centres"},"content":{"rendered":"<div data-elementor-type=\"wp-page\" data-elementor-id=\"5773\" class=\"elementor elementor-5773\">\n\t\t\t\t<div class=\"elementor-element elementor-element-b7824ea e-flex e-con-boxed e-con e-parent\" data-id=\"b7824ea\" data-element_type=\"container\">\n\t\t\t\t\t<div class=\"e-con-inner\">\n\t\t\t\t<div class=\"elementor-element elementor-element-348e37c elementor-widget elementor-widget-image\" data-id=\"348e37c\" data-element_type=\"widget\" data-widget_type=\"image.default\">\n\t\t\t\t<div class=\"elementor-widget-container\">\n\t\t\t\t\t\t\t\t\t\t\t\t\t\t\t<img fetchpriority=\"high\" decoding=\"async\" width=\"1366\" height=\"768\" src=\"https:\/\/realm.com.pl\/wp-content\/uploads\/2024\/02\/strategia-rynkowa.png\" class=\"attachment-full size-full wp-image-5839\" alt=\"\" srcset=\"https:\/\/realm.com.pl\/wp-content\/uploads\/2024\/02\/strategia-rynkowa.png 1366w, https:\/\/realm.com.pl\/wp-content\/uploads\/2024\/02\/strategia-rynkowa-300x169.png 300w, https:\/\/realm.com.pl\/wp-content\/uploads\/2024\/02\/strategia-rynkowa-1024x576.png 1024w, https:\/\/realm.com.pl\/wp-content\/uploads\/2024\/02\/strategia-rynkowa-768x432.png 768w\" sizes=\"(max-width: 1366px) 100vw, 1366px\" \/>\t\t\t\t\t\t\t\t\t\t\t\t\t\t\t<\/div>\n\t\t\t\t<\/div>\n\t\t\t\t<div class=\"elementor-element elementor-element-6e38ac6a elementor-widget elementor-widget-text-editor\" data-id=\"6e38ac6a\" data-element_type=\"widget\" data-widget_type=\"text-editor.default\">\n\t\t\t\t<div class=\"elementor-widget-container\">\n\t\t\t\t\t\t\t\t\t<h3 style=\"font-weight: 400;\">Our team of professionals will work to create a coherent commercial concept for your centre taking into account both the architecture and the strategy to create a profitable project.<\/h3>\n<p style=\"font-weight: 400;\">We offer a full range of strategic services for both planned and functioning centres including:<\/p>\n<ul>\n<li style=\"list-style-type: none;\">\n<ul>\n<li style=\"font-weight: 400;\">Strategic advisory on the functioning and marketing of an operating centre including advice and recommendations for its optimisation;<\/li>\n<li style=\"font-weight: 400;\">Identifying potential investment areas and work on market positioning;<\/li>\n<li style=\"font-weight: 400;\">Creating an operational strategy based on market analysis, field research, best practices and the experience of our team;<\/li>\n<li style=\"font-weight: 400;\">Preparing a plan for market launch, brand building and the opening and operation of the centre;<\/li>\n<li style=\"font-weight: 400;\">Analysing the marketing and communications of an existing centre as well as preparing proposals to optimise these activities.<\/li>\n<\/ul>\n<\/li>\n<\/ul>\n<!-- \/wp:paragraph -->\t\t\t\t\t\t\t\t<\/div>\n\t\t\t\t<\/div>\n\t\t\t\t\t<\/div>\n\t\t\t\t<\/div>\n\t\t\t\t<\/div>","protected":false},"excerpt":{"rendered":"<p>Nasz zesp\u00f3\u0142 ekspercki pracuje nad stworzeniem sp\u00f3jnej koncepcji komercyjnej obiektu, uwzgl\u0119dniaj\u0105c zar\u00f3wno aspekty architektoniczne, jak i strategiczne, aby stworzy\u0107 atrakcyjne i rentowne projekty. Oferujemy pe\u0142ne spektrum pracy strategicznej nad planowanym b\u0105d\u017a dzia\u0142aj\u0105cym obiektem, w tym: Doradztwo strategiczne w zakresie funkcjonalnego oraz marketingowego standingu obiektu, w tym ocena i kierunki optymalizacji wraz z rekomendacjami; Identyfikacja potencja\u0142u [&hellip;]<\/p>","protected":false},"author":3,"featured_media":0,"parent":5806,"menu_order":0,"comment_status":"closed","ping_status":"closed","template":"templates\/full-width-page.php","meta":{"footnotes":""},"class_list":["post-5773","page","type-page","status-publish","hentry"],"yoast_head":"<!-- This site is optimized with the Yoast SEO plugin v25.7 - https:\/\/yoast.com\/wordpress\/plugins\/seo\/ -->\n<title>REALM - Strategia i pozycjonowanie<\/title>\n<meta name=\"description\" content=\"Nasz zesp\u00f3\u0142 ekspercki pracuje nad stworzeniem sp\u00f3jnej koncepcji komercyjnej obiektu, uwzgl\u0119dniaj\u0105c zar\u00f3wno aspekty architektoniczne, jak i strategiczne.\" \/>\n<meta name=\"robots\" content=\"index, follow, max-snippet:-1, max-image-preview:large, max-video-preview:-1\" \/>\n<link rel=\"canonical\" href=\"https:\/\/realm.com.pl\/en\/nasza-oferta\/przygotowywanie-strategii-rynkowej-i-pozycjonowania-dla-obiektow-handlowych\/\" \/>\n<meta property=\"og:locale\" content=\"en_GB\" \/>\n<meta property=\"og:type\" content=\"article\" \/>\n<meta property=\"og:title\" content=\"REALM - Strategia i pozycjonowanie\" \/>\n<meta property=\"og:description\" content=\"Nasz zesp\u00f3\u0142 ekspercki pracuje nad stworzeniem sp\u00f3jnej koncepcji komercyjnej obiektu, uwzgl\u0119dniaj\u0105c zar\u00f3wno aspekty architektoniczne, jak i strategiczne.\" \/>\n<meta property=\"og:url\" content=\"https:\/\/realm.com.pl\/en\/nasza-oferta\/przygotowywanie-strategii-rynkowej-i-pozycjonowania-dla-obiektow-handlowych\/\" \/>\n<meta property=\"article:modified_time\" content=\"2024-03-28T19:35:46+00:00\" \/>\n<meta property=\"og:image\" content=\"https:\/\/realm.com.pl\/wp-content\/uploads\/2024\/02\/strategia-rynkowa.png\" \/>\n<meta name=\"twitter:card\" content=\"summary_large_image\" \/>\n<meta name=\"twitter:label1\" content=\"Estimated reading time\" \/>\n\t<meta name=\"twitter:data1\" content=\"1 minute\" \/>\n<script type=\"application\/ld+json\" class=\"yoast-schema-graph\">{\"@context\":\"https:\/\/schema.org\",\"@graph\":[{\"@type\":\"WebPage\",\"@id\":\"https:\/\/realm.com.pl\/nasza-oferta\/przygotowywanie-strategii-rynkowej-i-pozycjonowania-dla-obiektow-handlowych\/\",\"url\":\"https:\/\/realm.com.pl\/nasza-oferta\/przygotowywanie-strategii-rynkowej-i-pozycjonowania-dla-obiektow-handlowych\/\",\"name\":\"REALM - Strategia i pozycjonowanie\",\"isPartOf\":{\"@id\":\"https:\/\/realm.com.pl\/#website\"},\"primaryImageOfPage\":{\"@id\":\"https:\/\/realm.com.pl\/nasza-oferta\/przygotowywanie-strategii-rynkowej-i-pozycjonowania-dla-obiektow-handlowych\/#primaryimage\"},\"image\":{\"@id\":\"https:\/\/realm.com.pl\/nasza-oferta\/przygotowywanie-strategii-rynkowej-i-pozycjonowania-dla-obiektow-handlowych\/#primaryimage\"},\"thumbnailUrl\":\"https:\/\/realm.com.pl\/wp-content\/uploads\/2024\/02\/strategia-rynkowa.png\",\"datePublished\":\"2024-02-09T21:54:10+00:00\",\"dateModified\":\"2024-03-28T19:35:46+00:00\",\"description\":\"Nasz zesp\u00f3\u0142 ekspercki pracuje nad stworzeniem sp\u00f3jnej koncepcji komercyjnej obiektu, uwzgl\u0119dniaj\u0105c zar\u00f3wno aspekty architektoniczne, jak i strategiczne.\",\"breadcrumb\":{\"@id\":\"https:\/\/realm.com.pl\/nasza-oferta\/przygotowywanie-strategii-rynkowej-i-pozycjonowania-dla-obiektow-handlowych\/#breadcrumb\"},\"inLanguage\":\"en-GB\",\"potentialAction\":[{\"@type\":\"ReadAction\",\"target\":[\"https:\/\/realm.com.pl\/nasza-oferta\/przygotowywanie-strategii-rynkowej-i-pozycjonowania-dla-obiektow-handlowych\/\"]}]},{\"@type\":\"ImageObject\",\"inLanguage\":\"en-GB\",\"@id\":\"https:\/\/realm.com.pl\/nasza-oferta\/przygotowywanie-strategii-rynkowej-i-pozycjonowania-dla-obiektow-handlowych\/#primaryimage\",\"url\":\"https:\/\/realm.com.pl\/wp-content\/uploads\/2024\/02\/strategia-rynkowa.png\",\"contentUrl\":\"https:\/\/realm.com.pl\/wp-content\/uploads\/2024\/02\/strategia-rynkowa.png\"},{\"@type\":\"BreadcrumbList\",\"@id\":\"https:\/\/realm.com.pl\/nasza-oferta\/przygotowywanie-strategii-rynkowej-i-pozycjonowania-dla-obiektow-handlowych\/#breadcrumb\",\"itemListElement\":[{\"@type\":\"ListItem\",\"position\":1,\"name\":\"Strona g\u0142\u00f3wna\",\"item\":\"https:\/\/realm.com.pl\/\"},{\"@type\":\"ListItem\",\"position\":2,\"name\":\"Doradztwo inwestycyjne nieruchomo\u015bci\",\"item\":\"https:\/\/realm.com.pl\/nasza-oferta\/\"},{\"@type\":\"ListItem\",\"position\":3,\"name\":\"Przygotowywanie strategii rynkowej i pozycjonowania dla obiekt\u00f3w handlowych\"}]},{\"@type\":\"WebSite\",\"@id\":\"https:\/\/realm.com.pl\/#website\",\"url\":\"https:\/\/realm.com.pl\/\",\"name\":\"\",\"description\":\"\",\"potentialAction\":[{\"@type\":\"SearchAction\",\"target\":{\"@type\":\"EntryPoint\",\"urlTemplate\":\"https:\/\/realm.com.pl\/?s={search_term_string}\"},\"query-input\":{\"@type\":\"PropertyValueSpecification\",\"valueRequired\":true,\"valueName\":\"search_term_string\"}}],\"inLanguage\":\"en-GB\"}]}<\/script>\n<!-- \/ Yoast SEO plugin. -->","yoast_head_json":{"title":"REALM - Strategia i pozycjonowanie","description":"Nasz zesp\u00f3\u0142 ekspercki pracuje nad stworzeniem sp\u00f3jnej koncepcji komercyjnej obiektu, uwzgl\u0119dniaj\u0105c zar\u00f3wno aspekty architektoniczne, jak i strategiczne.","robots":{"index":"index","follow":"follow","max-snippet":"max-snippet:-1","max-image-preview":"max-image-preview:large","max-video-preview":"max-video-preview:-1"},"canonical":"https:\/\/realm.com.pl\/en\/nasza-oferta\/przygotowywanie-strategii-rynkowej-i-pozycjonowania-dla-obiektow-handlowych\/","og_locale":"en_GB","og_type":"article","og_title":"REALM - Strategia i pozycjonowanie","og_description":"Nasz zesp\u00f3\u0142 ekspercki pracuje nad stworzeniem sp\u00f3jnej koncepcji komercyjnej obiektu, uwzgl\u0119dniaj\u0105c zar\u00f3wno aspekty architektoniczne, jak i strategiczne.","og_url":"https:\/\/realm.com.pl\/en\/nasza-oferta\/przygotowywanie-strategii-rynkowej-i-pozycjonowania-dla-obiektow-handlowych\/","article_modified_time":"2024-03-28T19:35:46+00:00","og_image":[{"url":"https:\/\/realm.com.pl\/wp-content\/uploads\/2024\/02\/strategia-rynkowa.png","type":"","width":"","height":""}],"twitter_card":"summary_large_image","twitter_misc":{"Estimated reading time":"1 minute"},"schema":{"@context":"https:\/\/schema.org","@graph":[{"@type":"WebPage","@id":"https:\/\/realm.com.pl\/nasza-oferta\/przygotowywanie-strategii-rynkowej-i-pozycjonowania-dla-obiektow-handlowych\/","url":"https:\/\/realm.com.pl\/nasza-oferta\/przygotowywanie-strategii-rynkowej-i-pozycjonowania-dla-obiektow-handlowych\/","name":"REALM - Strategia i pozycjonowanie","isPartOf":{"@id":"https:\/\/realm.com.pl\/#website"},"primaryImageOfPage":{"@id":"https:\/\/realm.com.pl\/nasza-oferta\/przygotowywanie-strategii-rynkowej-i-pozycjonowania-dla-obiektow-handlowych\/#primaryimage"},"image":{"@id":"https:\/\/realm.com.pl\/nasza-oferta\/przygotowywanie-strategii-rynkowej-i-pozycjonowania-dla-obiektow-handlowych\/#primaryimage"},"thumbnailUrl":"https:\/\/realm.com.pl\/wp-content\/uploads\/2024\/02\/strategia-rynkowa.png","datePublished":"2024-02-09T21:54:10+00:00","dateModified":"2024-03-28T19:35:46+00:00","description":"Nasz zesp\u00f3\u0142 ekspercki pracuje nad stworzeniem sp\u00f3jnej koncepcji komercyjnej obiektu, uwzgl\u0119dniaj\u0105c zar\u00f3wno aspekty architektoniczne, jak i strategiczne.","breadcrumb":{"@id":"https:\/\/realm.com.pl\/nasza-oferta\/przygotowywanie-strategii-rynkowej-i-pozycjonowania-dla-obiektow-handlowych\/#breadcrumb"},"inLanguage":"en-GB","potentialAction":[{"@type":"ReadAction","target":["https:\/\/realm.com.pl\/nasza-oferta\/przygotowywanie-strategii-rynkowej-i-pozycjonowania-dla-obiektow-handlowych\/"]}]},{"@type":"ImageObject","inLanguage":"en-GB","@id":"https:\/\/realm.com.pl\/nasza-oferta\/przygotowywanie-strategii-rynkowej-i-pozycjonowania-dla-obiektow-handlowych\/#primaryimage","url":"https:\/\/realm.com.pl\/wp-content\/uploads\/2024\/02\/strategia-rynkowa.png","contentUrl":"https:\/\/realm.com.pl\/wp-content\/uploads\/2024\/02\/strategia-rynkowa.png"},{"@type":"BreadcrumbList","@id":"https:\/\/realm.com.pl\/nasza-oferta\/przygotowywanie-strategii-rynkowej-i-pozycjonowania-dla-obiektow-handlowych\/#breadcrumb","itemListElement":[{"@type":"ListItem","position":1,"name":"Strona g\u0142\u00f3wna","item":"https:\/\/realm.com.pl\/"},{"@type":"ListItem","position":2,"name":"Doradztwo inwestycyjne nieruchomo\u015bci","item":"https:\/\/realm.com.pl\/nasza-oferta\/"},{"@type":"ListItem","position":3,"name":"Przygotowywanie strategii rynkowej i pozycjonowania dla obiekt\u00f3w handlowych"}]},{"@type":"WebSite","@id":"https:\/\/realm.com.pl\/#website","url":"https:\/\/realm.com.pl\/","name":"","description":"","potentialAction":[{"@type":"SearchAction","target":{"@type":"EntryPoint","urlTemplate":"https:\/\/realm.com.pl\/?s={search_term_string}"},"query-input":{"@type":"PropertyValueSpecification","valueRequired":true,"valueName":"search_term_string"}}],"inLanguage":"en-GB"}]}},"_links":{"self":[{"href":"https:\/\/realm.com.pl\/en\/wp-json\/wp\/v2\/pages\/5773","targetHints":{"allow":["GET"]}}],"collection":[{"href":"https:\/\/realm.com.pl\/en\/wp-json\/wp\/v2\/pages"}],"about":[{"href":"https:\/\/realm.com.pl\/en\/wp-json\/wp\/v2\/types\/page"}],"author":[{"embeddable":true,"href":"https:\/\/realm.com.pl\/en\/wp-json\/wp\/v2\/users\/3"}],"replies":[{"embeddable":true,"href":"https:\/\/realm.com.pl\/en\/wp-json\/wp\/v2\/comments?post=5773"}],"version-history":[{"count":0,"href":"https:\/\/realm.com.pl\/en\/wp-json\/wp\/v2\/pages\/5773\/revisions"}],"up":[{"embeddable":true,"href":"https:\/\/realm.com.pl\/en\/wp-json\/wp\/v2\/pages\/5806"}],"wp:attachment":[{"href":"https:\/\/realm.com.pl\/en\/wp-json\/wp\/v2\/media?parent=5773"}],"curies":[{"name":"wp","href":"https:\/\/api.w.org\/{rel}","templated":true}]}}