{"id":9,"date":"2015-01-14T11:27:23","date_gmt":"2015-01-14T11:27:23","guid":{"rendered":"http:\/\/demo.wpzoom.com\/angle\/?page_id=9"},"modified":"2024-03-28T20:28:32","modified_gmt":"2024-03-28T19:28:32","slug":"realm","status":"publish","type":"page","link":"https:\/\/realm.com.pl\/en\/","title":{"rendered":"Home"},"content":{"rendered":"","protected":false},"excerpt":{"rendered":"","protected":false},"author":1,"featured_media":0,"parent":0,"menu_order":0,"comment_status":"closed","ping_status":"open","template":"templates\/home.php","meta":{"footnotes":""},"class_list":["post-9","page","type-page","status-publish","hentry"],"yoast_head":"<!-- This site is optimized with the Yoast SEO plugin v25.7 - https:\/\/yoast.com\/wordpress\/plugins\/seo\/ -->\n<title>REALM<\/title>\n<meta name=\"description\" content=\"RELM zajmuje si\u0119 doradztwem inwestycyjnym i strategicznym w zakresie nieruchomo\u015bci handlowych, zakupami, komercjalizacj\u0105 i zarz\u0105dzaniem.\" \/>\n<meta name=\"robots\" content=\"index, follow, max-snippet:-1, max-image-preview:large, max-video-preview:-1\" \/>\n<link rel=\"canonical\" href=\"https:\/\/realm.com.pl\/en\/\" \/>\n<meta property=\"og:locale\" content=\"en_GB\" \/>\n<meta property=\"og:type\" content=\"article\" \/>\n<meta property=\"og:title\" content=\"REALM\" \/>\n<meta property=\"og:description\" content=\"REALM zajmuje si\u0119 kompleksowym przygotowaniem procesu pre-deweloperskiego pocz\u0105wszy od zabezpieczenia grunt\u00f3w, przez uzyskanie niezb\u0119dnych pozwole\u0144, finansowania oraz przeprowadzenie komercjalizacji, po organizacj\u0119 sprzeda\u017cy projektu. Firma specjalizuje si\u0119 w inwestycjach handlowych i mixed-use.\" \/>\n<meta property=\"og:url\" content=\"https:\/\/realm.com.pl\/en\/\" \/>\n<meta property=\"article:modified_time\" content=\"2024-03-28T19:28:32+00:00\" \/>\n<meta property=\"og:image\" content=\"https:\/\/realm.com.pl\/wp-content\/uploads\/2024\/02\/REALM_logo_gold.png\" \/>\n\t<meta property=\"og:image:width\" content=\"2481\" \/>\n\t<meta property=\"og:image:height\" content=\"1182\" \/>\n\t<meta property=\"og:image:type\" content=\"image\/png\" \/>\n<meta name=\"twitter:card\" content=\"summary_large_image\" \/>\n<meta name=\"twitter:title\" content=\"REALM\" \/>\n<meta name=\"twitter:description\" content=\"REALM zajmuje si\u0119 kompleksowym przygotowaniem procesu pre-deweloperskiego pocz\u0105wszy od zabezpieczenia grunt\u00f3w, przez uzyskanie niezb\u0119dnych pozwole\u0144, finansowania oraz przeprowadzenie komercjalizacji, po organizacj\u0119 sprzeda\u017cy projektu. Firma specjalizuje si\u0119 w inwestycjach handlowych i mixed-use.\" \/>\n<meta name=\"twitter:image\" content=\"https:\/\/realm.com.pl\/wp-content\/uploads\/2024\/02\/REALM_logo_gold.png\" \/>\n<script type=\"application\/ld+json\" class=\"yoast-schema-graph\">{\"@context\":\"https:\/\/schema.org\",\"@graph\":[{\"@type\":\"WebPage\",\"@id\":\"https:\/\/realm.com.pl\/\",\"url\":\"https:\/\/realm.com.pl\/\",\"name\":\"REALM\",\"isPartOf\":{\"@id\":\"https:\/\/realm.com.pl\/#website\"},\"datePublished\":\"2015-01-14T11:27:23+00:00\",\"dateModified\":\"2024-03-28T19:28:32+00:00\",\"description\":\"RELM zajmuje si\u0119 doradztwem inwestycyjnym i strategicznym w zakresie nieruchomo\u015bci handlowych, zakupami, komercjalizacj\u0105 i zarz\u0105dzaniem.\",\"breadcrumb\":{\"@id\":\"https:\/\/realm.com.pl\/#breadcrumb\"},\"inLanguage\":\"en-GB\",\"potentialAction\":[{\"@type\":\"ReadAction\",\"target\":[\"https:\/\/realm.com.pl\/\"]}]},{\"@type\":\"BreadcrumbList\",\"@id\":\"https:\/\/realm.com.pl\/#breadcrumb\",\"itemListElement\":[{\"@type\":\"ListItem\",\"position\":1,\"name\":\"Strona g\u0142\u00f3wna\",\"item\":\"https:\/\/realm.com.pl\/\"},{\"@type\":\"ListItem\",\"position\":2,\"name\":\"Home\"}]},{\"@type\":\"WebSite\",\"@id\":\"https:\/\/realm.com.pl\/#website\",\"url\":\"https:\/\/realm.com.pl\/\",\"name\":\"\",\"description\":\"\",\"potentialAction\":[{\"@type\":\"SearchAction\",\"target\":{\"@type\":\"EntryPoint\",\"urlTemplate\":\"https:\/\/realm.com.pl\/?s={search_term_string}\"},\"query-input\":{\"@type\":\"PropertyValueSpecification\",\"valueRequired\":true,\"valueName\":\"search_term_string\"}}],\"inLanguage\":\"en-GB\"}]}<\/script>\n<!-- \/ Yoast SEO plugin. -->","yoast_head_json":{"title":"REALM","description":"RELM zajmuje si\u0119 doradztwem inwestycyjnym i strategicznym w zakresie nieruchomo\u015bci handlowych, zakupami, komercjalizacj\u0105 i zarz\u0105dzaniem.","robots":{"index":"index","follow":"follow","max-snippet":"max-snippet:-1","max-image-preview":"max-image-preview:large","max-video-preview":"max-video-preview:-1"},"canonical":"https:\/\/realm.com.pl\/en\/","og_locale":"en_GB","og_type":"article","og_title":"REALM","og_description":"REALM zajmuje si\u0119 kompleksowym przygotowaniem procesu pre-deweloperskiego pocz\u0105wszy od zabezpieczenia grunt\u00f3w, przez uzyskanie niezb\u0119dnych pozwole\u0144, finansowania oraz przeprowadzenie komercjalizacji, po organizacj\u0119 sprzeda\u017cy projektu. Firma specjalizuje si\u0119 w inwestycjach handlowych i mixed-use.","og_url":"https:\/\/realm.com.pl\/en\/","article_modified_time":"2024-03-28T19:28:32+00:00","og_image":[{"width":2481,"height":1182,"url":"https:\/\/realm.com.pl\/wp-content\/uploads\/2024\/02\/REALM_logo_gold.png","type":"image\/png"}],"twitter_card":"summary_large_image","twitter_title":"REALM","twitter_description":"REALM zajmuje si\u0119 kompleksowym przygotowaniem procesu pre-deweloperskiego pocz\u0105wszy od zabezpieczenia grunt\u00f3w, przez uzyskanie niezb\u0119dnych pozwole\u0144, finansowania oraz przeprowadzenie komercjalizacji, po organizacj\u0119 sprzeda\u017cy projektu. Firma specjalizuje si\u0119 w inwestycjach handlowych i mixed-use.","twitter_image":"https:\/\/realm.com.pl\/wp-content\/uploads\/2024\/02\/REALM_logo_gold.png","schema":{"@context":"https:\/\/schema.org","@graph":[{"@type":"WebPage","@id":"https:\/\/realm.com.pl\/","url":"https:\/\/realm.com.pl\/","name":"REALM","isPartOf":{"@id":"https:\/\/realm.com.pl\/#website"},"datePublished":"2015-01-14T11:27:23+00:00","dateModified":"2024-03-28T19:28:32+00:00","description":"RELM zajmuje si\u0119 doradztwem inwestycyjnym i strategicznym w zakresie nieruchomo\u015bci handlowych, zakupami, komercjalizacj\u0105 i zarz\u0105dzaniem.","breadcrumb":{"@id":"https:\/\/realm.com.pl\/#breadcrumb"},"inLanguage":"en-GB","potentialAction":[{"@type":"ReadAction","target":["https:\/\/realm.com.pl\/"]}]},{"@type":"BreadcrumbList","@id":"https:\/\/realm.com.pl\/#breadcrumb","itemListElement":[{"@type":"ListItem","position":1,"name":"Strona g\u0142\u00f3wna","item":"https:\/\/realm.com.pl\/"},{"@type":"ListItem","position":2,"name":"Home"}]},{"@type":"WebSite","@id":"https:\/\/realm.com.pl\/#website","url":"https:\/\/realm.com.pl\/","name":"","description":"","potentialAction":[{"@type":"SearchAction","target":{"@type":"EntryPoint","urlTemplate":"https:\/\/realm.com.pl\/?s={search_term_string}"},"query-input":{"@type":"PropertyValueSpecification","valueRequired":true,"valueName":"search_term_string"}}],"inLanguage":"en-GB"}]}},"_links":{"self":[{"href":"https:\/\/realm.com.pl\/en\/wp-json\/wp\/v2\/pages\/9","targetHints":{"allow":["GET"]}}],"collection":[{"href":"https:\/\/realm.com.pl\/en\/wp-json\/wp\/v2\/pages"}],"about":[{"href":"https:\/\/realm.com.pl\/en\/wp-json\/wp\/v2\/types\/page"}],"author":[{"embeddable":true,"href":"https:\/\/realm.com.pl\/en\/wp-json\/wp\/v2\/users\/1"}],"replies":[{"embeddable":true,"href":"https:\/\/realm.com.pl\/en\/wp-json\/wp\/v2\/comments?post=9"}],"version-history":[{"count":0,"href":"https:\/\/realm.com.pl\/en\/wp-json\/wp\/v2\/pages\/9\/revisions"}],"wp:attachment":[{"href":"https:\/\/realm.com.pl\/en\/wp-json\/wp\/v2\/media?parent=9"}],"curies":[{"name":"wp","href":"https:\/\/api.w.org\/{rel}","templated":true}]}}